{"id":1388,"date":"2022-01-20T11:00:37","date_gmt":"2022-01-20T10:00:37","guid":{"rendered":"https:\/\/more-impression.com\/?post_type=product&#038;p=1388"},"modified":"2025-11-26T07:35:05","modified_gmt":"2025-11-26T06:35:05","slug":"islington","status":"publish","type":"product","link":"https:\/\/more-impression.com\/en\/produkt\/islington\/","title":{"rendered":"Islington font"},"content":{"rendered":"","protected":false},"excerpt":{"rendered":"","protected":false},"featured_media":1964,"template":"","meta":{"_acf_changed":false},"product_brand":[],"product_cat":[33],"product_tag":[],"class_list":{"0":"post-1388","1":"product","2":"type-product","3":"status-publish","4":"has-post-thumbnail","6":"product_cat-fonts","8":"first","9":"instock","10":"sale","11":"taxable","12":"shipping-taxable","13":"purchasable","14":"product-type-variable"},"acf":{"bild":[{"ID":1965,"id":1965,"title":"Islington_2","filename":"Islington_2.jpg","filesize":135274,"url":"https:\/\/more-impression.com\/wp-content\/uploads\/2022\/05\/Islington_2.jpg","link":"https:\/\/more-impression.com\/en\/?attachment_id=1965","alt":"","author":"3","description":"","caption":"","name":"islington_2","status":"inherit","uploaded_to":1388,"date":"2022-05-05 10:30:56","modified":"2024-03-12 21:46:27","menu_order":0,"mime_type":"image\/jpeg","type":"image","subtype":"jpeg","icon":"https:\/\/more-impression.com\/wp-includes\/images\/media\/default.png","width":1000,"height":750,"sizes":{"thumbnail":"https:\/\/more-impression.com\/wp-content\/uploads\/2022\/05\/Islington_2-150x150.jpg","thumbnail-width":150,"thumbnail-height":150,"medium":"https:\/\/more-impression.com\/wp-content\/uploads\/2022\/05\/Islington_2-300x225.jpg","medium-width":300,"medium-height":225,"medium_large":"https:\/\/more-impression.com\/wp-content\/uploads\/2022\/05\/Islington_2-768x576.jpg","medium_large-width":768,"medium_large-height":576,"large":"https:\/\/more-impression.com\/wp-content\/uploads\/2022\/05\/Islington_2.jpg","large-width":1000,"large-height":750,"1536x1536":"https:\/\/more-impression.com\/wp-content\/uploads\/2022\/05\/Islington_2.jpg","1536x1536-width":1000,"1536x1536-height":750,"2048x2048":"https:\/\/more-impression.com\/wp-content\/uploads\/2022\/05\/Islington_2.jpg","2048x2048-width":1000,"2048x2048-height":750,"woocommerce_thumbnail":"https:\/\/more-impression.com\/wp-content\/uploads\/2022\/05\/Islington_2-300x300.jpg","woocommerce_thumbnail-width":300,"woocommerce_thumbnail-height":300,"woocommerce_single":"https:\/\/more-impression.com\/wp-content\/uploads\/2022\/05\/Islington_2-600x450.jpg","woocommerce_single-width":600,"woocommerce_single-height":450,"woocommerce_gallery_thumbnail":"https:\/\/more-impression.com\/wp-content\/uploads\/2022\/05\/Islington_2-100x100.jpg","woocommerce_gallery_thumbnail-width":100,"woocommerce_gallery_thumbnail-height":100}}],"gestaltung":"Aurelia Markwalder","info_liste":[{"name":"Lizenz","name_en":"licence","eingabe":"<p>1\u20135 Rechner<\/p>\n","eingabe_en":"<p>1\u20135 computers<\/p>\n"},{"name":"Format","name_en":"font format","eingabe":"<p>Desktop (otf)<br \/>\nWeitere Lizenz- und Formatoptionen auf <a href=\"mailto:info@more-impression.com\"><font color=#0000ff>Anfrage<\/font>.<\/a><\/p>\n","eingabe_en":"<p>Desktop (otf)<br \/>\nAdditional license and font format options on <a href=\"mailto:info@more-impression.com\"><font color=#0000ff>request.<\/font><\/a><\/p>\n"},{"name":"Schriftmuster","name_en":"specimen","eingabe":"<p><a href=\"https:\/\/more-impression.com\/wp-content\/uploads\/2025\/02\/Isington_Portfolio_25_rz.pdf\"\"><font color=#0000ff>Download<\/font><\/a><\/p>\n","eingabe_en":"<p><a href=\"https:\/\/more-impression.com\/wp-content\/uploads\/2025\/02\/Isington_Portfolio_25_rz.pdf\"\"><font color=#0000ff>Download<\/font><\/a><\/p>\n"}],"info":"<p>Islington ist eine Schrift von Aurelia Markwalder. Die drei Schnitte (mit entsprechenden Kursiven) unterscheiden sich in der Laufweite: Die Regular l\u00e4uft normal, die Light condensed und die Black extended. Ispiriert von den englischen Ladybird-B\u00fcchern der 1950er Jahre eignet sich diese eigenwillige und elegante Antiqua besonders f\u00fcr \u00dcberschriften und Cover.<\/p>\n","info_en":"<p>Islington is a typeface by Aurelia Markwalder. The family offers 3 weights (with respective italics) which differ in width: Regular runs normally, Light condensed, and Black extended. Inspired by the English Ladybird books of the 1950s, this idiosyncratic and elegant antiqua is particularly suitable for headlines and covers.<\/p>\n","formen":false,"bildgrose":"mittel","titel":"Digitaler Font <em>Islington<\/em>","titel_en":"digital font <em>Islington<\/em>","thumbnail":false},"_links":{"self":[{"href":"https:\/\/more-impression.com\/en\/wp-json\/wp\/v2\/product\/1388","targetHints":{"allow":["GET"]}}],"collection":[{"href":"https:\/\/more-impression.com\/en\/wp-json\/wp\/v2\/product"}],"about":[{"href":"https:\/\/more-impression.com\/en\/wp-json\/wp\/v2\/types\/product"}],"wp:featuredmedia":[{"embeddable":true,"href":"https:\/\/more-impression.com\/en\/wp-json\/wp\/v2\/media\/1964"}],"wp:attachment":[{"href":"https:\/\/more-impression.com\/en\/wp-json\/wp\/v2\/media?parent=1388"}],"wp:term":[{"taxonomy":"product_brand","embeddable":true,"href":"https:\/\/more-impression.com\/en\/wp-json\/wp\/v2\/product_brand?post=1388"},{"taxonomy":"product_cat","embeddable":true,"href":"https:\/\/more-impression.com\/en\/wp-json\/wp\/v2\/product_cat?post=1388"},{"taxonomy":"product_tag","embeddable":true,"href":"https:\/\/more-impression.com\/en\/wp-json\/wp\/v2\/product_tag?post=1388"}],"curies":[{"name":"wp","href":"https:\/\/api.w.org\/{rel}","templated":true}]}}