{"id":101,"date":"2016-07-11T12:47:22","date_gmt":"2016-07-11T12:47:22","guid":{"rendered":"http:\/\/localhost\/wordpress-dev\/mi\/?page_id=76"},"modified":"2021-11-26T10:24:08","modified_gmt":"2021-11-26T09:24:08","slug":"faq","status":"publish","type":"page","link":"https:\/\/more-impression.com\/en\/faq\/","title":{"rendered":"FAQ"},"content":{"rendered":"","protected":false},"excerpt":{"rendered":"","protected":false},"author":1,"featured_media":0,"parent":0,"menu_order":0,"comment_status":"closed","ping_status":"closed","template":"","meta":{"_acf_changed":false,"footnotes":""},"class_list":["post-101","page","type-page","status-publish","hentry"],"acf":{"erste_spalte":"<p><style type=\"text\/css\">\n    h1 {font-size: 100%;margin-top: 24px; margin-bottom: 7px; letter-spacing: 0.07em;}<\/style>\n<style type=\"text\/css\">\n    h2 {font-size: 100%; font-style: normal; line-hight: 17px; margin-top: 7px; margin-bottom: 7px;}<\/style>\n<\/p>\n<h1>FRAGEN ZUR BESTELLUNG<\/h1>\n<p><strong>Wie lange dauert es, bis die Visitenkarten bei mir sind?<\/strong><\/p>\n<ul>\n<li>Wir drucken Ihre Karte innerhalb von <strong>20 Werktagen.<\/strong> Der Versand erfolgt als versichertes DHL-Paket oder Brief mit Sendungsverfolgung und sollte innerhalb Deutschlands nicht l\u00e4nger als zwei Tage dauern. Wir schicken Ihnen die Sendungsnummer per Mail zu, so k\u00f6nnen Sie die Sendung online verfolgen.<\/li>\n<\/ul>\n<p><strong>Was kostet der Versand?<\/strong><\/p>\n<ul>\n<li>Wir versenden Ihre personalisierten Karten sowie alle anderen Objekte als Paket (weil bis 500 Euro versichert) zu einem Preis von 4,99 Euro innerhalb Deutschlands. In die EU kostet der Versand 13,99 Euro, in die Schweiz 29,90 Euro und in die USA 34,99 Euro. Alle anderen Karten versenden wir als Gro\u00dfbrief mit Sendungsverfolgung. Innerhalb Deutschland betr\u00e4gt das Porto 1,45 Euro (plus Priomarke zur Sendungsverfolgung) in den Rest der Welt 3,70 Euro.<\/li>\n<\/ul>\n<p><strong>Wie kann ich meine Karten bezahlen?<\/strong><\/p>\n<ul>\n<li>F\u00fcr personalisierte Visitenkarten akzeptieren wir nur Zahlungen per Bank\u00fcberweisung. Alle anderen Produkte k\u00f6nnen Sie auch per Paypal bezahlen. Anfallende Bankgeb\u00fchren m\u00fcssen vom Kunden \u00fcbernommen werden.<\/li>\n<\/ul>\n<p><strong>Meine Karten sind alle \u2013 kann ich mein Design nachbestellen?<\/strong><\/p>\n<ul>\n<li>Alle Zeichen im ausgebundenen Satz sind der Benutzung entzogen, d.h. brachliegendes Kapital. Deshalb legen wir den Satz ab, nachdem er gedruckt wurde. Sie k\u00f6nnen Ihre Karte \u2013 sofern sie noch nicht vergriffen ist \u2013 im selben Design nachbestellen. Der Aufwand f\u00fcr das Drucken und Setzen (und damit auch der Preis) ist derselbe wie bei der ersten Bestellung.<\/li>\n<\/ul>\n<p><strong>Kann ich meine Karten pers\u00f6nlich abholen?<\/strong><\/p>\n<ul>\n<li>Jeden ersten Donnerstag im Monat \u00f6ffnen wir unsere Werkstatt nachmittags von ein bis f\u00fcnf Uhr. In dieser Zeit k\u00f6nnen Sie unsere Produkte analog kaufen. Personalisierte Karten m\u00fcssen vorher \u00fcber die Webseite bestellt werden. Falls Sie diese Karten pers\u00f6nlich abholen m\u00f6chten, kontaktieren Sie uns bitte per Mail (<a href=\"mailto:info@more-impression.com\"><span style=\"color: #0000ff;\">info@more-impression.com<\/span><\/a>) oder telefonisch w\u00e4hrend unserer B\u00fcrozeiten Donnerstags von neun bis zw\u00f6lf (0341 9273 6008).<\/li>\n<\/ul>\n<h1>FRAGEN ZUR SATZ- UND DRUCKTECHNIK<\/h1>\n<p><strong>Warum gibt es kein @-Zeichen?<\/strong><\/p>\n<ul>\n<li>Keine unserer Bleisatzschriften verf\u00fcgt \u00fcber ein @-Zeichen. Es ist m\u00f6glich, dieses Zeichen gie\u00dfen zu lassen. Vorerst m\u00fcssen wir mit dem Ph\u00e4nomen umgehen, dass dieses Zeichen fehlt, so wie wir generell mit einer Zeichenbeschr\u00e4nkung \u2013 auch quantitativ \u2013 umgehen m\u00fcssen. Wir k\u00f6nnen zum Beispiel auch nicht mit allen Schriften in jeder Sprache setzen (wobei es auch im digitalen Satz diese Probleme gibt). Es gibt einige M\u00f6glichkeiten dieses Zeichen anders darzustellen, zum Beispiel als [at] oder AT, die auch sehr sch\u00f6n sind. Das @ (lat. bei) existierte als Sonderzeichen schon vor der Zeit von E-Mail und Twitter, allerdings als Randerscheiung. Im Bleisatz taucht es schon im 19. Jahrhundert als sogenanntes <em>commercial at<\/em> in kaufm\u00e4nnischen Rechnungen auf: so etwas wie 5 Tonnen Kohlen <em>\u00e0<\/em> 10,40 Mark. Wir k\u00f6nnten das @ also theoretisch unter unseren mathematischen Zeichen haben, haben wir aber nicht \u2013 oder wir haben es bislang einfach noch nicht gefunden.<\/li>\n<\/ul>\n<p><strong>Kann ich ein Pdf schicken, das dann gedruckt wird?<\/strong><\/p>\n<ul>\n<li>Nein, bei uns geht das nicht. Es ist im Buchdruck technisch m\u00f6glich mit Klischees \u2013 eine Art Stempel \u2013 zu drucken, die nach einer digitalen Vorlage erstellt wurden. Wir arbeiten aber ausschlie\u00dflich mit beweglichen Lettern und dem Inventar an Schriften, das wir in unserer Werkstatt haben. Wir m\u00f6gen, dass jeder Buchstabe ein gewisses Eigenleben f\u00fchrt und als tats\u00e4chliches Objekt in verschiedenen Worten und Texten auftaucht. Das manuelle Setzen von Text mit Bleilettern gibt der Schrift die physische, k\u00f6rperlich fassbare Pr\u00e4senz zur\u00fcck, die ihr w\u00e4hrend f\u00fcnf Jahrhunderten eigen war. Schrift war keine Erscheinung auf digitalen Programmoberfl\u00e4chen, sondern etwas, das man in die Hand nehmen konnte. Die Dinge des Alltags werden scheinbar materielos. Gutes Design ist diskretes Design, Design, durch das man hindurchschaut. Das iPhone war schon als es auf den Markt kam, zu Ende designt \u2013 es gibt nichts, das sich an seiner Form noch \u00e4ndern wird: Eine ideale, transparente Fl\u00e4che, auf der Apps schwimmen. Wie ornamental und \u00fcbergestaltet erscheinen daneben die Bauhaus-Klassiker, die immer noch als <em>das<\/em> reduzierte, moderne Design gelten, bei dem es nicht mehr darauf ankam, wie etwas aussieht, sondern, darum, was es macht. Was macht das Smartphone eigentlich genau? Man sieht es ihm jedenfalls nicht an. Das Gegenst\u00fcck zu diesen spiegelnden, beliebigen Oberfl\u00e4chen sind handgesetzte Drucksachen. Sie befriedigen durch ihr f\u00fchlbares und lebendiges Druckbild eine Sehnsucht nach charmanten, pers\u00f6nlichen Dingen, die ihren Wert nicht so rasant verlieren, wie ein Computer der letzten Generation.<\/li>\n<\/ul>\n<p><strong>Kann ich eine andere Farbe oder Schriftart w\u00e4hlen?<\/strong><\/p>\n<ul>\n<li>Unser Angebot ist kein Buffet, von dem man sich ad libitum bedient um seinen Teller selbst zu (\u00fcber)f\u00fcllen. Jedes Design folgt einem Konzept. Farbe, Papier, Schriftart und -gr\u00f6\u00dfe werden von uns abgestimmt, Sonderw\u00fcnsche k\u00f6nnen innerhalb des Bestellablaufs nicht angegeben werden.<\/li>\n<\/ul>\n<p><strong>Warum ist die Auflage nicht frei w\u00e4hlbar?<\/strong><\/p>\n<ul>\n<li>Handsatzschriften werden wieder abgelegt und von neuem zum Satz benutzt. Ein einzelner Buchstabe kann, je nach Papier und Handhabung, maximal 20000 mal gedruckt werden. Wir arbeiten also mit endlichem Material, das zudem nicht ohne weiteres wiederbeschafft werden kann. F\u00fcr gro\u00dfe Auflagen ist ein Offset-Druck oder der Druck von Galvano-Klischees besser geeignet. Unsere Karten sind Einzelst\u00fccke und keine Massenware.<\/li>\n<\/ul>\n<p><strong>Muss ich Trennzeichen in meinem Text angeben oder wird mein Text automatisch umbrochen?<\/strong><\/p>\n<ul>\n<li>Einen Text einflie\u00dfen zu lassen ist im Handsatz nicht m\u00f6glich. Die Zeile ist die kleinste setzerische Einheit. Jede Zeile wird Buchstabe um Buchstabe und Leerzeichen um Leerzeichen im Winkelhaken gesetzt. Leerzeichen und Zeilenabst\u00e4nde sind ebenfalls Material, allerdings Blindmaterial, das nicht mitdruckt. Pausen haben hier das selbe Gewicht wie Zeichen. F\u00fcr die Eingabe auf der Webseite haben wir einen Durchschnittswert angenommen, wieviele Zeichen der jeweiligen Schrift auf eine Zeile passen. Fertige Zeilen werden zum Satz ausgebunden.<\/li>\n<\/ul>\n<p><strong>Mit welchen Maschinen druckt More Impression?<\/strong><\/p>\n<ul>\n<li>Den gr\u00f6\u00dften Teil unser Drucksachen drucken wir auf einer Andruckpresse der Marke Vandercook (Chicago, Illinois) aus den 1950er Jahren. Zudem besitzen wir einen ca 100-j\u00e4hrigen Pr\u00e4getiegel der Firma Karl Krause (Leipzig) und einen Adana-Handtiegel, den wir sehr wenig benutzen. Gerne w\u00fcrden wir unsere Werkstatt um einen Gallytiegel erg\u00e4nzen (Angebot und Hinweise an: <a href=\"mailto:info@more-impression.com\"><span style=\"color: #0000ff;\">info@more-impression.com<\/span><\/a>)<\/li>\n<\/ul>\n<p><strong>Was f\u00fcr Schriften benutzt More Impression? Kann ich Schriftmuster bestellen?<\/strong><\/p>\n<ul>\n<li>Wir besitzen 41 Schriften, einige davon in mehreren Schnitten und Punktgr\u00f6\u00dfen. An einer Schriftmusterkartei arbeiten wir noch. Das wird \u2013 bei ca. 100 Setzk\u00e4sten \u2013\u00a0 etwas dauern. Den Anfang der Schriftmustersammlung finden Sie auf unserem Instagramaccount unter <a href=\"https:\/\/www.instagram.com\/explore\/tags\/moreschrift\/\" target=\"_blank\" rel=\"noopener noreferrer\"><strong>#MOREschrift<\/strong><\/a>. Einen Einblick bekommen sie im <a href=\"http:\/\/2024.more-impression.com\/alledesigns\/\"><strong>\u00dcberblick der Designs<\/strong><\/a> sowie im <a href=\"http:\/\/2024.more-impression.com\/archiv\/\"><strong>Archiv<\/strong><\/a>. Muster versenden wir vorerst nicht.<\/li>\n<\/ul>\n<p><strong>Mit welchen Farben wird gedruckt? Wieviele Farben sind m\u00f6glich?<\/strong><\/p>\n<ul>\n<li>Wir drucken mit brillianten Volltonfarben (Pantone und HKS) und mischen jede Farbe per Hand, so wie wir sie f\u00fcr den jeweiligen Druckauftrag brauchen.<\/li>\n<\/ul>\n<p><strong>Kann man wei\u00df auf schwarzes Papier drucken?<\/strong><\/p>\n<ul>\n<li>F\u00fcr einen brillianten Druck wei\u00dfer Schrift auf schwarzer Fl\u00e4che ist Siebdruck oder Hei\u00dffolienpr\u00e4gung die richtige Technik. Unsere Farben sind nie ganz opak. Helle Farben werden nicht heller erscheinen als die dunklere Farbe, auf die man sie druckt, sondern eine Mischfarbe ergeben. Ausnahmen bilden Metallikfarben. Auch gibt es die M\u00f6glichkeit, Pigmente auf die noch feuchte Farbe aufzubringen.<\/li>\n<\/ul>\n<h1>FRAGEN ZUM MEDIUM<\/h1>\n<p><strong>Was sind B\u00e9zierkurven?<\/strong><\/p>\n<ul>\n<li>Digitale Schriften und Vektorgrafiken werden aus einer x-beliebigen Anzahl von B\u00e9zierkurven beschrieben (Computer) oder gezeichnet (Hand). Berechnet wird eine Kurve mittels 4 Punkten: einen Start- und Endpunkt (Ankerpunkte) sowie je einem Anfasser am Start- und Endpunkt (Kontrollpunkte). Wird die Position der Anfasser ver\u00e4ndert, \u00e4ndert sich das Aussehen der Kurve. Das richtige \u201eSetzen\u201c der Punkte, um eine m\u00f6glichst elegante und kraftvolle Kurve zu erhalten, erfordert \u00dcbung. Besonders unter Schriftgestaltern gilt das perfekte \u201ePfaden\u201c als Grundstein zu einem guten Entwurf. Gute Kurven werden auch von Schriftgestaltern gerne als knackig, scharf und straff beschrieben.<\/li>\n<\/ul>\n<p><strong>Ist Blei giftig?<\/strong><\/p>\n<ul>\n<li>Lettern bis ungef\u00e4hr 96p werden mit einer Legierung aus Blei, Antimon und Zinn gegossen. Die ersten beiden genannten Metalle sind sehr toxisch. Letzteres ist harmlos \u2013 wegen seiner k\u00fchlenden Eigenschaft trinken wir gerne Gin Tonic aus Bechern dieses Metalls. Der Bleistaub kann zwar nicht \u00fcber die Haut, wohl aber \u00fcber die Lungen und den Magen aufgenommen werden. Wir tragen zum Setzen keine Atemschutzmasken. H\u00e4nde waschen, besonders vor dem Konsum von Nahrungsmittel und Zigaretten, ist jedoch Pflicht.<\/li>\n<\/ul>\n<p><strong>Warum gibt es keinen Vorschaumodus?<\/strong><\/p>\n<ul>\n<li>Eine Vorschau ist nicht m\u00f6glich, da wir Ihre Karte erst in Blei setzen und drucken m\u00fcssen. Es gibt keine digitale Simulation, die an den Druck heranreicht. Zahlreiche unserer Schriften exisitieren zudem nicht digital. Auf unserer Webseite schreiben Sie sozusagen das Skript Ihrer Karte \u2013 sehen werden Sie sie erst, wenn unsere Postsendung Sie erreicht.<\/li>\n<\/ul>\n<h1>FRAGEN ZUM DESIGN<\/h1>\n<p><strong>Warum kann ich kein Design gestalten?<\/strong><\/p>\n<ul>\n<li>Gestalten ist unser Beruf und wir schlagen nur vor, was wir f\u00fcr gute Gestaltung halten. Wir laden Sie ein, unser Angebot anzunehmen. Es liegt auch eine Freiheit darin, nicht alle Schriften anschauen, Farben abzuw\u00e4gen und Papier bef\u00fchlen zu m\u00fcssen, sondern zu wissen und darauf zu vertrauen, dass das jemand f\u00fcr einen \u00fcbernimmt. Es ist durchaus befriedigend, Dinge selbst zu machen: Marmelade einzukochen, Strohsterne zu basteln oder Untersetzer aus Perlen. Man strickt Socken f\u00fcr die Enkelkinder oder f\u00e4delt Pilze zum Trocknen auf. Warum h\u00e4lt man das Handgemachte f\u00fcr besser als das industriell Gefertigte? Wo doch die getrockneten Pilze zu schimmeln anfangen und die Socken rutschen? DIY, das ist die andere Seite von Lieferando: Jeder kann kreativ werden und sich dazu Essen bestellen, das er genauso gut selbst vom Restaurant drei Stra\u00dfen weiter holen k\u00f6nnte. Nur hat man keine Zeit dazu, weil man mit Hei\u00dfleim hantiert, um einen Zimmergarten in einer Gl\u00fchbirne anzulegen.<\/li>\n<\/ul>\n<p><strong>Warum sind manche Designs vergriffen?<\/strong><\/p>\n<ul>\n<li>Unsere Kollektion \u00e4ndert sich st\u00e4ndig. Wir probieren neue Designs aus und laden Gastgestalter\/innen ein, um mit in unserer Werkstatt zu arbeiten und ein Design zu gestalten. Wir finden wichtig, dass neue Gestaltungen nachr\u00fccken, denn nicht nur die Lettern nutzen sich bei einseitiger Verwendung ab, sondern auch das Design selbst.<\/li>\n<\/ul>\n<h1>PERS\u00d6NLICHE FRAGEN<\/h1>\n<p><strong>Es passt keines der Designs zu meinem Inhalt, kann ich etwas noch Pers\u00f6nlicheres haben?<\/strong><\/p>\n<ul>\n<li>Auf More Impression bieten wir eine wechselnde aber beschr\u00e4nkte Auswahl an. F\u00fcr Auftr\u00e4ge au\u00dferhalb dieses Rahmens schreiben Sie an <a href=\"mailto:info@more-impression.com\"><span style=\"color: #0000ff;\">info@more-impression.com<\/span><\/a> und wir erstellen Ihnen ein Angebot.<\/li>\n<\/ul>\n<h2>Ich habe alte Bleisatzbest\u00e4nde gefunden, kann ich die bei More Impression abgeben?<\/h2>\n<h2>Warum sind 3 Ausrufezeichen uncool?<\/h2>\n<p>&nbsp;<\/p>\n<h2>Offene Fragen und neue Antworten an: <a href=\"mailto:info@more-impression.com\"><span style=\"color: #0000ff;\">info@more-impression.com<\/span><\/a><\/h2>\n","erste_spalte_en":"<p><style type=\"text\/css\">\n    h1 {font-size:100%;margin-top: 24px; margin-bottom: 7px; letter-spacing: 0.07em;}<\/style>\n<style type=\"text\/css\">\n    h2 {font-size:100%; font-style: normal; line-hight: 17px; margin-top: 7px; margin-bottom: 7px;}<\/style>\n<\/p>\n<h1><strong>PLACING AN ORDER<\/strong><\/h1>\n<p><strong>What is your turnaround time for business cards?<\/strong><\/p>\n<ul>\n<li>We print your card within <strong>20 working days.<\/strong> We dispatch it via a fully insured DHL service or as letter with shipment tracking and delivery is estimated to take no more than two working days within Germany. We send you a mail with the tracking number, which allows you to track your parcel online.<\/li>\n<\/ul>\n<p><strong>What are the shipping costs?<\/strong><\/p>\n<ul>\n<li>We use parcel dispatch for your personalized cards and all objects (because it is insured up to 500 Euro) for 4,99 Euro within Germany. The shipping costs for all other EU countries is 13.99 Euro, to Switzerland 29.90 Euro to the US 34.99 Euro. All other cards are send as letter with shipment tracking. The shipping costs are 1.45 Euro (plus prio lable for tracking) within Germany and 3.70 within all other countries.<\/li>\n<\/ul>\n<p><strong>How do I pay for my business cards?<\/strong><\/p>\n<ul>\n<li>For personalized cards we accept payment via bank transfer only with all transfer fees payable by the client. All other products can also be payed by Paypal.<\/li>\n<\/ul>\n<p><strong>I have run out of cards \u2013 can I re-order more?<\/strong><\/p>\n<ul>\n<li>All the characters in the typeset can only be used once. Due to the finite number, we could never create new typesets for any other clients if we kept your typeset indefinitely. You can order your card again, as long as we still offer the design you chose. The time and effort (and the price) for the typesetting and printing of any further batches of your card is the same as for the first time.<\/li>\n<\/ul>\n<p><strong>Can I pick up my cards?<\/strong><\/p>\n<ul>\n<li>Every first Thursday of the month our workshop is open in the afternoon from one to five. During this time you can buy our products analog. Personalized cards must be ordered in advance through the website. If you would like to pick up these cards, please contact us by mail (<a href=\"mailto:info@more-impression.com\"><span style=\"color: #0000ff;\">info@more-impression.com<\/span><\/a>) or phone during our office hours on Thursdays from nine to twelve (0341 9273 6008).<\/li>\n<\/ul>\n<h1><strong>QUESTIONS REGARDING TYPESETTING AND PRINTING TECHNIQUES<\/strong><\/h1>\n<p><strong>Why isn&#8217;t there a @-character?<\/strong><\/p>\n<ul>\n<li>None of our lead types contain any @-character. It is possible to make a bespoke casting of the type. For now we have to accept that the type is missing, just as we accept the finite amount of characters in our archive. For example we are not able to supply all characters for every language (such limitiations also exist in the digital realm). There are various nice ways to represent this character anyhow, for examble:[at] or AT. The character @ (originally latin) originated long before the email and twitter. It appeared as a lead type in the form of <em>commercial at<\/em> in mercantile calculations: for example 5 tons of coal @ $10. Theoretically it should be part of our mathematical set, alas to date it has not been found.<\/li>\n<\/ul>\n<p><strong>Can I send a PDF for printing<\/strong>?<\/p>\n<ul>\n<li>No, this is not possible with our technique. It is possible to work with so called clich\u00e9s (also called sterotypes) &#8211; a kind of stamp made from the digital prototype. However, we work exclusively with the inventory of movable characters we have available in our workshop library. We love every character\u2019s individuality and the fact it has to physically appear to make certain words or fonts. The manual typesetting of printed matter with lead characters gives texts the tangible sensory quality they emanated for the past five centuries.<\/li>\n<\/ul>\n<p><strong>Can I choose other colours or fonts?<\/strong><\/p>\n<ul>\n<li>Our offer is not a pick-and-mix. Every design is conceptualised in advance by us. Colour, paper, font and size are matched to maximise quality output.<\/li>\n<\/ul>\n<p><strong>Why can\u2019t I choose any other edition size?<\/strong><\/p>\n<ul>\n<li>After hand-set lettering is unlocked it is required for a fresh chase in different designs. Further, every individual type can be used for printing no more than 20,000 times, relative to paper quality and handling. So we work with finite material, utilising deadstock material, which cannot easily be sourced. For larger editions we recommend offset-print or Galvano-type. Our business cards are collector\u2019s items and not mass-produced.<\/li>\n<\/ul>\n<p><strong>Do I have to insert hyphens or will my textflow be automatically cut?<\/strong><\/p>\n<ul>\n<li>Wrap-around textflow is not possible with hand-set lettering. The line ist the smallest typesetting unit. Every line is set type by type and space by space. Spaces and line spacing are also materials, albeit blindprinted. Spaces carry the same weight as types. For the input on the website we assumed an average measurement standard for the amount of type used per line. Finished lines are locked into the chase.<\/li>\n<\/ul>\n<p><strong>Which presses does More Impression use?<\/strong><\/p>\n<ul>\n<li>The majority of our work is printed on a Vandercook proof press from Chicago, Illinois. We also own a century old embossing press manufactured by Krause in Leipzig and a Adana tabletop platen press, which we don\u2019t use very often. We would love to add a Gally platen printing press to our machine pool, any hints and offers to: <a href=\"mailto:info@more-impression.com\">info@more-impression.com<\/a><\/li>\n<\/ul>\n<p><strong>What type of fonts does More Impression offer? Can I order font samples?<\/strong><\/p>\n<ul>\n<li>We own 41 fonts, some of which as multiples and in various font sizes. We are currently working on establishing a font sample library. With approximately 100 type cases this can take a while. Therefore we don\u2019t send out samples at present. You can get an impression of our beginning font library on Instagram: <a href=\"https:\/\/www.instagram.com\/explore\/tags\/moreschrift\/\" target=\"_blank\" rel=\"noopener noreferrer\"><strong>#MOREschrift<\/strong><\/a>, in our <strong><a href=\"http:\/\/www.more-impression\/alledesigns\/en\/\">design overview<\/a><\/strong> as well as in our <a href=\"http:\/\/www.more-impression.com\/alledesigns\/en\/\"><strong>archive<\/strong><\/a>.<\/li>\n<\/ul>\n<p><strong>Which colours do you use for printing? How many colours are possible?<\/strong><\/p>\n<ul>\n<li>We print with shiny solid colours (Pantone and HKS) and mix every colour by hand, bespoke for each individual print order.<\/li>\n<\/ul>\n<p><strong>Can you print white characters on black paper?<\/strong><\/p>\n<ul>\n<li>For a high quality solid appearance of white colour on a black surface the appropriate techniques would be screenprint or the offline hot-foil stamping process. Our colours on the other hand never appear fully opaque. Light colours do not appear as highlight on darker colours but mix with them to a new shade entirely. Metallic colours are exceptions. We can also apply pigments on the wet colour medium.<\/li>\n<\/ul>\n<h1>MEDIUM RELATED QUESTIONS<\/h1>\n<h2>What are B\u00e9zier curves?<\/h2>\n<h2>Is lead toxic?<\/h2>\n<h2>Why isn\u2019t there a preview?<\/h2>\n<h1>DESIGN QUESTIONS<\/h1>\n<p><strong>Why can&#8217;t I design my own card?<\/strong><\/p>\n<ul>\n<li>We are trained graphic designers and we pre-select workable design options. We offer you the freedom of not having to rifle through every set of fonts, consider endless colourmixes and compare papers by touch, but to know and trust that someone does all that for you. We invite you to take us up on this offer.<\/li>\n<\/ul>\n<ul>\n<li>\u00a0<\/li>\n<\/ul>\n<h2>Why are some designs sold out?<\/h2>\n<h1>PERSONAL QUESTIONS<\/h1>\n<p><strong>None of the designs fits my purpose. Can I have something more personal?<\/strong><\/p>\n<ul>\n<li>With More Impression we provide a changing but limited offer. For jobs beyond this scope please write to <a href=\"mailto:info@more-impression.com\"><span style=\"color: #0000ff;\">info@more-impression.com<\/span><\/a> and we will send you an offer.<\/li>\n<\/ul>\n<h2>I&#8217;ve found old lead setting material. Can I hand them over to More Impression?<\/h2>\n<h2>Why are 3 questionmarks just not cool?<\/h2>\n<p>&nbsp;<\/p>\n<h2>Unresolved questions and new solutions to: <a href=\"mailto:info@more-impression.com\"><span style=\"color: #0000ff;\">info@more-impression.com<\/span><\/a><\/h2>\n","zweite_spalte":"<div><img decoding=\"async\" src=\"http:\/\/2024.more-impression.com\/wp-content\/uploads\/2017\/05\/Schiff.png\" alt=\"\" \/><\/div>\n<div>Illustration aus: Sepp Du\u00dfler und Fritz Kolling, unter Mitwirkung namhafter Fachleute: <em>Moderne Setzerei,<\/em> Verlag Dokumentation Pullach, M\u00fcnchen: 1971.<\/div>\n","zweite_spalte_en":"<div><img decoding=\"async\" src=\"http:\/\/2024.more-impression.com\/wp-content\/uploads\/2017\/05\/Schiff.png\" alt=\"Setzschiff\" \/><\/div>\n<div>\u201dZinc gallery with three sided, cast-iron frame. Composing rule, page cord, tweezers and bodkin are displayed on the gallery.\u201c<\/div>\n<div>Illustration took from: Sepp Du\u00dfler und Fritz Kolling, unter Mitwirkung namhafter Fachleute: <em>Moderne Setzerei,<\/em> Verlag Dokumentation Pullach, M\u00fcnchen: 1971.<\/div>\n"},"_links":{"self":[{"href":"https:\/\/more-impression.com\/en\/wp-json\/wp\/v2\/pages\/101","targetHints":{"allow":["GET"]}}],"collection":[{"href":"https:\/\/more-impression.com\/en\/wp-json\/wp\/v2\/pages"}],"about":[{"href":"https:\/\/more-impression.com\/en\/wp-json\/wp\/v2\/types\/page"}],"author":[{"embeddable":true,"href":"https:\/\/more-impression.com\/en\/wp-json\/wp\/v2\/users\/1"}],"replies":[{"embeddable":true,"href":"https:\/\/more-impression.com\/en\/wp-json\/wp\/v2\/comments?post=101"}],"version-history":[{"count":10,"href":"https:\/\/more-impression.com\/en\/wp-json\/wp\/v2\/pages\/101\/revisions"}],"predecessor-version":[{"id":1706,"href":"https:\/\/more-impression.com\/en\/wp-json\/wp\/v2\/pages\/101\/revisions\/1706"}],"wp:attachment":[{"href":"https:\/\/more-impression.com\/en\/wp-json\/wp\/v2\/media?parent=101"}],"curies":[{"name":"wp","href":"https:\/\/api.w.org\/{rel}","templated":true}]}}